{"id":40,"date":"2010-05-04T17:32:28","date_gmt":"2010-05-04T17:32:28","guid":{"rendered":"http:\/\/my.elitesystem.net\/web\/?page_id=40"},"modified":"2017-05-08T13:39:07","modified_gmt":"2017-05-08T11:39:07","slug":"zgodovina","status":"publish","type":"page","link":"http:\/\/zupnija-radece.rkc.si\/?page_id=40","title":{"rendered":"\u017dupnija"},"content":{"rendered":"<p>Zgodovina na\u0161e \u017eupnije sega v 14. stoletje. \u017de leta 1385 so Rade\u010de imele lasten vikariat. To pomeni, da je bil tukaj takrat \u017ee stalni duhovnik. Takratna cerkev je bila \u0161e lesena, pribli\u017eno 4 metre ni\u017eje \u2013 globlje od sedanje.<\/p>\n<p>\u017dupnija je bila ustanovljena \u017ee leta 1618. \u017de takrat je tu stala kamnita gotska cerkev z lesenim zvonikom. Od te cerkve je ostal \u0161e prezbiterij, to je sedanja zimska kapela, \u00a0posve\u010dena Mariji Brezmade\u017eni. Ta kapela je v celoti prenovljena in jo sedaj uporabljamo kot zimsko kapelo.<\/p>\n<p><span style=\"text-decoration: underline;\">Cerkev svetega Petra<\/span><\/p>\n<p>Sedanjo cerkev je 29. oktobra 1911 posvetil ljubljanski \u0161kof Anton Bonaventura Jegli\u010d. Tako kot vse predhodne cerkve na tem kraju, je posve\u010dena apostolu Petru. Sv. Peter na glavnem oltarju je nekaj posebnega, saj je upodobljen kot na prestolu sede\u010di pape\u017e, s pape\u0161ko \u00bbtiaro\u00ab na glavi. Te pape\u0161ke krone sedanji pape\u017ei ne nosijo ve\u010d. Zadnji jo je nosil pape\u017e Pavel VI.<\/p>\n<p>Na lesenem glavnem oltarju stojita \u0161e kipa sv. Andreja in sv. Pavla, na vrhu v atiki pa kip Brezmade\u017ene Marije. Stranski oltar na mo\u0161ki strani je posve\u010den sv. Jo\u017eefu, zavetniku dru\u017eine, ob njem \u0161e iz prvotne cerkve stojita kipa sv. Janeza in sv. Marka, na vrhu pa je sv. Miklav\u017e. Na \u017eenski strani je oltar Srca Jezusovega, ob njem sta iz prvotne cerkve kipa sv. Lucije in sv. Apolonije. Na vrhu kraljuje Sveta Trojica. V nosilnih stebrih so ni\u0161e, kjer je spredaj na levi zopet sv. Miklav\u017e, nad \u017eenami je sv. Alojzij, nad mo\u017emi pa sv. Fran\u010di\u0161ek Asi\u0161ki.<\/p>\n<p>Spredaj v okenskih vitra\u017eih sta nebe\u0161ka zavetnika patronatske dru\u017eine Gutmansthal Benvenuti: sv. Ludvik in sv. Marija Egiptovska. Gutmansthali so \u017eiveli v gra\u0161\u010dini Novi dvor (kasneje imenovan Marijin dvor), kjer je danes kazensko-pobolj\u0161evalni dom za mladoletne. Do konca druge svetovne vojne je tam \u017eivelo 70 redovnic, ki so morale po osvoboditvi gra\u0161\u010dino na silo zapustiti.<\/p>\n<p>Kor krasijo lepe orgle, ki so delo Franca Jenka iz leta 1938, \u0161e lep\u0161e pa je na koru takrat, ko se z njega razlega pesem \u017eupnijskega zbora Sveti Peter Rade\u010de; to je ob vseh praznikih, nedeljah in drugih \u017eupnijskih slovesnostih.<\/p>\n<p><span style=\"text-decoration: underline;\">Podru\u017enice<\/span><\/p>\n<p>\u017dupnija ima <a href=\"http:\/\/zupnija-radece.rkc.si\/?page_id=73\">6 podru\u017enic<\/a>:<\/p>\n<p>Vrhovo &#8211; Sv. Martin<\/p>\n<p>Brunk &#8211; Sveti trije kralji (\u010dudovita gotska triladijska cerkev s petimi \u00bbzlatimi<\/p>\n<p>oltarji\u00ab, \u00a0ob njej je cerkev Marije Vnebovzete)<\/p>\n<p>Mo\u010dilno &#8211; Sv. Miklav\u017e<\/p>\n<p>Podkraj &#8211; Sv. Miklav\u017e (Sv. Miklav\u017e je zavetnik splavarjev, \u010dolnarjev)<\/p>\n<p>Jelovo &#8211; Sv. Katarina Sinajska (pripro\u0161njica za zdravo pamet)<\/p>\n<p>\u017debnik &#8211; romarska cerkev \u017dalostne matere Bo\u017eje.<\/p>\n<p>\u017dupnija Rade\u010de se nahaja v Ljubljanski nad\u0161kofiji in s Savo meji na Celjsko \u0161kofijo, Bo\u0161tanj in \u0160entjan\u017e pa sta \u017ee \u017eupniji, ki pripadata Novome\u0161ki \u0161kofiji.<\/p>\n<p><span style=\"text-decoration: underline;\">Zgodovina kraja<\/span><\/p>\n<p>V preteklosti so Rade\u010dani \u017eiveli od rudnika \u017eelezove rude, splavarjenja, papirne industrije, gostinstva, imeli so razvite obrti: opekarstvo, kolarstvo, sodarstvo, mlinarstvo, \u010devljarstvo, ljudje so delali kot gozdarji in \u0161e marsikaj.<\/p>\n<p><span style=\"text-decoration: underline;\">Aktivnosti v \u017eupniji<\/span><\/p>\n<p>Ve\u010dina \u017eupnijskih dogodkov se odvija v pastoralnem centru, ki se imenuje Dom sv. Petra.<\/p>\n<p>Veseli smo, da se veliko \u017eupljanov vklju\u010duje v skupine, ki imajo razli\u010dna podro\u010dja delovanja:<\/p>\n<ol>\n<li>\u017dupnijski pastoralni svet &#8211; \u017dPS<\/li>\n<li>\u017dupnijski gospodarski svet<\/li>\n<li>Pevski zbor Sveti Peter Rade\u010de<\/li>\n<li>Dve zakonski skupini<\/li>\n<li>Bibli\u010dna skupina<\/li>\n<li>Med\u017eupnijska Karitas Rade\u010de &#8211; Svibno<\/li>\n<li>Molitvena skupina<\/li>\n<li>Prenova v Duhu<\/li>\n<li>Ministranti<\/li>\n<li>Skupina starej\u0161ih &#8211; Nagelj<\/li>\n<li>Skupine za\u00a0 \u010di\u0161\u010denje in kra\u0161enje cerkve<\/li>\n<li>Verou\u010dne skupine<\/li>\n<li>Skupina katehumenov &#8211; po potrebi<\/li>\n<li>Jasli\u010darji &#8211; skupina svetega Jo\u017eefa<\/li>\n<\/ol>\n<figure id=\"attachment_1869\" aria-describedby=\"caption-attachment-1869\" style=\"width: 300px\" class=\"wp-caption alignnone\"><img decoding=\"async\" loading=\"lazy\" class=\"size-medium wp-image-1869\" src=\"http:\/\/192.168.2.102:1337\/zura\/wp-content\/uploads\/2014\/04\/cerkev-300x199.jpg\" alt=\"\" width=\"300\" height=\"199\" srcset=\"http:\/\/zupnija-radece.rkc.si\/wp-content\/uploads\/cerkev-300x199.jpg 300w, http:\/\/zupnija-radece.rkc.si\/wp-content\/uploads\/cerkev.jpg 447w\" sizes=\"(max-width: 300px) 100vw, 300px\" \/><figcaption id=\"caption-attachment-1869\" class=\"wp-caption-text\">\u017dupnijska cerkev svetega Petra<\/figcaption><\/figure>\n","protected":false},"excerpt":{"rendered":"<p>Zgodovina na\u0161e \u017eupnije sega v 14. stoletje. \u017de leta 1385 so Rade\u010de imele lasten vikariat. To pomeni, da je bil tukaj takrat \u017ee stalni duhovnik. Takratna cerkev je bila \u0161e lesena, pribli\u017eno 4 metre ni\u017eje \u2013 globlje od sedanje. \u017dupnija je bila ustanovljena \u017ee leta 1618. \u017de takrat je tu stala kamnita gotska cerkev z &hellip; <\/p>\n<p class=\"read-more\"><a class=\"btn btn-default\" href=\"http:\/\/zupnija-radece.rkc.si\/?page_id=40\"> Read More<span class=\"screen-reader-text\">  Read More<\/span><\/a><\/p>\n","protected":false},"author":1,"featured_media":0,"parent":0,"menu_order":1,"comment_status":"closed","ping_status":"closed","template":"","meta":[],"_links":{"self":[{"href":"http:\/\/zupnija-radece.rkc.si\/index.php?rest_route=\/wp\/v2\/pages\/40"}],"collection":[{"href":"http:\/\/zupnija-radece.rkc.si\/index.php?rest_route=\/wp\/v2\/pages"}],"about":[{"href":"http:\/\/zupnija-radece.rkc.si\/index.php?rest_route=\/wp\/v2\/types\/page"}],"author":[{"embeddable":true,"href":"http:\/\/zupnija-radece.rkc.si\/index.php?rest_route=\/wp\/v2\/users\/1"}],"replies":[{"embeddable":true,"href":"http:\/\/zupnija-radece.rkc.si\/index.php?rest_route=%2Fwp%2Fv2%2Fcomments&post=40"}],"version-history":[{"count":37,"href":"http:\/\/zupnija-radece.rkc.si\/index.php?rest_route=\/wp\/v2\/pages\/40\/revisions"}],"predecessor-version":[{"id":3347,"href":"http:\/\/zupnija-radece.rkc.si\/index.php?rest_route=\/wp\/v2\/pages\/40\/revisions\/3347"}],"wp:attachment":[{"href":"http:\/\/zupnija-radece.rkc.si\/index.php?rest_route=%2Fwp%2Fv2%2Fmedia&parent=40"}],"curies":[{"name":"wp","href":"https:\/\/api.w.org\/{rel}","templated":true}]}}