{"id":8,"date":"2010-05-04T10:22:44","date_gmt":"2010-05-04T10:22:44","guid":{"rendered":"http:\/\/my.elitesystem.net\/web\/?page_id=5"},"modified":"2025-06-30T13:56:44","modified_gmt":"2025-06-30T11:56:44","slug":"zps","status":"publish","type":"page","link":"http:\/\/zupnija-radece.rkc.si\/?page_id=8","title":{"rendered":"\u017dPS"},"content":{"rendered":"<p><strong>Kaj je \u017dupnijski pastoralni svet (\u017dPS)?<\/strong><\/p>\n<p>\u017dupnijski pastoralni svet smo skupina, ki pomaga \u017eupniku pri na\u010drtovanju, izvajanju, usklajevanju in spremljanju pastoralnega dela. Na sejah, ki potekajo praviloma enkrat mese\u010dno, odprto izmenjujemo predloge, razpravljamo in skupaj i\u0161\u010demo re\u0161itve za dobrobit na\u0161e \u017eupnije. Pri tem \u017eelimo ohranjati bogato cerkveno izro\u010dilo, hkrati pa odgovorno odgovarjati na izzive sodobnega \u010dasa.<\/p>\n<p><strong>Kako je sestavljen \u017dPS?<\/strong><\/p>\n<p>Predsednik \u017dPS je \u017eupnik, \u010dlani \u017dPS pa so voljeni in imenovani predstavniki posameznih lokalnih delov \u017eupnije ter aktivnih \u017eupnijskih skupin, kot na primer klju\u010darjev, pevcev, sodelavcev Karitas ter \u010dlanov molitvene skupine in zakonskih skupin. Za na\u0161o pestrost poskrbijo razli\u010dne starosti, \u017eivljenjske izku\u0161nje in pogledi, kar nam pomaga bolje razumeti potrebe \u017eupljanov in iskati re\u0161itve, ki bodo kar najbolj povezovalne in vklju\u010dujo\u010de.<\/p>\n<p><strong>Kdo so \u010dlani \u017dPS v mandatu 2021 \u2013 2026?<\/strong><\/p>\n<p>\u010clani smo: Vinko Bec (\u017debnik), Igor Bregar (Prapretno), Franc Karlov\u0161ek (Jelovo), Mateja Kova\u010d (V gaju), Brane Kozinc (Goreljce), Drago Kozinc (Starograjska ulica), Marko Kre\u017ee (Podkraj), Mimica Mesojedec (Titova ulica), Peter Mlakar (Pot na jez), Regina Pinosa (Vrhovo), Miran Prnaver (Krakovo), Klemen Rovan (Mo\u010dilno), Milena \u0160ebat (Dobrava), Jo\u017eica \u017dibert (Pot na Brod) in Slavica \u017dnidar\u0161i\u010d (V gaju).<\/p>\n<p><strong>Vas sli\u0161imo?<\/strong><\/p>\n<p>Va\u0161e mnenje nam veliko pomeni. Veseli bomo va\u0161ih predlogov, vpra\u0161anj, pobud, pohval, pa tudi dobronamernih kritik. Lahko nas nagovorite osebno ali nam pi\u0161ete. Verjamemo, da bomo skupaj naredili ve\u010d in bolje. Iskreno si \u017eelimo, da bi se na\u0161a \u017eupnija razvijala, duhovno rasla in ostajala kraj, kjer se po\u010dutimo doma.<\/p>\n<p>Lepo je, ker \u017eupnija \u0161e naprej ostaja \u017eivahna.<\/p>\n<p>Zapisala: Mateja Kova\u010d, tajnica \u017dPS<\/p>\n<p>Junij 2025<\/p>\n<p><strong>\u00a0<\/strong><\/p>\n","protected":false},"excerpt":{"rendered":"<p>Kaj je \u017dupnijski pastoralni svet (\u017dPS)? \u017dupnijski pastoralni svet smo skupina, ki pomaga \u017eupniku pri na\u010drtovanju, izvajanju, usklajevanju in spremljanju pastoralnega dela. Na sejah, ki potekajo praviloma enkrat mese\u010dno, odprto izmenjujemo predloge, razpravljamo in skupaj i\u0161\u010demo re\u0161itve za dobrobit na\u0161e \u017eupnije. Pri tem \u017eelimo ohranjati bogato cerkveno izro\u010dilo, hkrati pa odgovorno odgovarjati na izzive sodobnega &hellip; <\/p>\n<p class=\"read-more\"><a class=\"btn btn-default\" href=\"http:\/\/zupnija-radece.rkc.si\/?page_id=8\"> Read More<span class=\"screen-reader-text\">  Read More<\/span><\/a><\/p>\n","protected":false},"author":1,"featured_media":0,"parent":0,"menu_order":2,"comment_status":"closed","ping_status":"closed","template":"","meta":[],"_links":{"self":[{"href":"http:\/\/zupnija-radece.rkc.si\/index.php?rest_route=\/wp\/v2\/pages\/8"}],"collection":[{"href":"http:\/\/zupnija-radece.rkc.si\/index.php?rest_route=\/wp\/v2\/pages"}],"about":[{"href":"http:\/\/zupnija-radece.rkc.si\/index.php?rest_route=\/wp\/v2\/types\/page"}],"author":[{"embeddable":true,"href":"http:\/\/zupnija-radece.rkc.si\/index.php?rest_route=\/wp\/v2\/users\/1"}],"replies":[{"embeddable":true,"href":"http:\/\/zupnija-radece.rkc.si\/index.php?rest_route=%2Fwp%2Fv2%2Fcomments&post=8"}],"version-history":[{"count":21,"href":"http:\/\/zupnija-radece.rkc.si\/index.php?rest_route=\/wp\/v2\/pages\/8\/revisions"}],"predecessor-version":[{"id":8745,"href":"http:\/\/zupnija-radece.rkc.si\/index.php?rest_route=\/wp\/v2\/pages\/8\/revisions\/8745"}],"wp:attachment":[{"href":"http:\/\/zupnija-radece.rkc.si\/index.php?rest_route=%2Fwp%2Fv2%2Fmedia&parent=8"}],"curies":[{"name":"wp","href":"https:\/\/api.w.org\/{rel}","templated":true}]}}