{"id":54,"date":"2010-05-09T07:05:08","date_gmt":"2010-05-09T07:05:08","guid":{"rendered":"http:\/\/my.elitesystem.net\/web\/?page_id=54"},"modified":"2012-10-31T11:49:46","modified_gmt":"2012-10-31T09:49:46","slug":"nagelj","status":"publish","type":"page","link":"https:\/\/zupnija-radece.rkc.si\/?page_id=54","title":{"rendered":"Zakonska"},"content":{"rendered":"<p>Druga zakonska skupina<\/p>\n<p>V mesecu oktobru leta  2010 je po odhodu \u017eupnika gospoda Jureta Ferle\u017ea in  do prihoda na\u0161ega sedanjega \u017eupnika gospoda Mira Berglja v januarju 2011 v \u017eupniji deloval in opravljal najnujnej\u0161e zadeve gospod Tone Marinko. Z gospodom Tonetom smo se nekateri poznali \u0161e izpred trideset let, ko smo se sre\u010devali v okviru dnevov zbranosti gibanja Pot (Vinko Kobal).<\/p>\n<p>Gospod Tone je dal idejo in izrazil prepri\u010danje, da bi morali vezi, poznanstva in izkustva iz mladostnih let povezati tudi danes kot odrasli in dejavni \u010dlani v \u017eupniji. In to so bili zametki, za\u010detki na\u0161e zakonske skupine.<\/p>\n<p>Ker je bil  gospod Tone le za\u010dasno v Rade\u010dah, je bilo \u010dasa malo, zato smo imeli uvodno sre\u010danje \u017ee konec novembra lanskega leta. Zbralo se nas je osem parov. Predstavljeno nam je bilo delo zakonske  skupine po programu dru\u0161tva Dru\u017eina in \u017eivljenje (nekateri smo \u017ee prej bili na tako imenovanih temeljnih vikend seminarjih). Ustanovitelja in voditelja tega programa  sta v Sloveniji zakonca Vilma in Dani Siter iz Leskovca pri Kr\u0161kem. Osnovno vodilo sre\u010danj je prizadevanje za \u00bbgraditev odnosov med \u017eeno in mo\u017eem, za katere je vredno \u017eiveti\u00ab.<\/p>\n<p>V mesecu decembru  smo imeli naslednje sre\u010danje. Pridru\u017eil se nam \u0161e \u017eupnik Jure Ferle\u017e, ki je formalno \u0161e upravljal \u017eupnijo, in za\u010dasni voditeljski par, Mateja in \u0160tefko iz Bre\u017eic.<\/p>\n<p>Z leto\u0161njim letom pa smo se nekako dokon\u010dno oblikovali. Na\u0161im stalnim sedmim parom se je pridru\u017eil na\u0161 \u017eupnik Miro in voditeljski par, Darinka in Toma\u017e iz Leskovca pri Kr\u0161kem.<\/p>\n<p>Kot skupina in pari smo se lepo ujeli,  dobivamo se pribli\u017eno enkrat mese\u010dno. \u010ceprav smo v skupini kar pisana dru\u0161\u010dina parov,  nas to ne lo\u010duje, ampak predvsem dopolnjuje in bogati. Izku\u0161nje parov z mlaj\u0161imi otroki povezujemo z bogastvom tistih, ki imajo \u017ee odrasle otroke, pa tudi s preizku\u0161njo tistih,  ki jim milost potomstva ni bila dana.<\/p>\n<p>Na\u0161a sre\u010danja so spro\u0161\u010dena, v trenutkih osebnih izpovedi pa tudi nadvse resna in \u010dustvena. Gradivo je zelo smiselno pripravljeno. Molitev in besede Svetega pisma nam ponujajo jasne in nedvoumne odgovore na izzive in te\u017eave zakonskega \u017eivljenja.<\/p>\n<p>Res smo hvale\u017eni voditeljskemu paru za vso pomo\u010d in prijazno delo, ki ga namenjata na\u0161i skupini.<\/p>\n<p>Prav posebno bogastvo skupine pa je na\u0161 gospod \u017eupnik, ki povsem nevsiljivo, pa vendar  jasno in nedvoumno razlaga predstavljeno Bo\u017ejo besedo in poglede ter nauke katoli\u0161ke cerkve v dobro in sre\u010do zakonske zveze.<\/p>\n<p>Nekateri mo\u017eje se z veseljem udele\u017eujemo tudi tako imenovanih mo\u0161kih zajtrkov,  ki jih v okviru delovanja dru\u0161tva organizira Dani Siter.<\/p>\n<p>Ob koncu na\u0161ih sre\u010danj se znamo tudi poveseliti, nazdraviti in \u010destitati na\u0161im slavljencem ob osebnih  in zakonskih jubilejih.<\/p>\n<p>Miran Prnaver<\/p>\n<p style=\"text-align: center;\"><a href=\"http:\/\/zupnija-radece.rkc.si\/wp-content\/uploads\/IMG_2364.jpg\"><img decoding=\"async\" loading=\"lazy\" class=\"aligncenter size-full wp-image-648\" title=\"Druga zakonska skupina\" src=\"http:\/\/zupnija-radece.rkc.si\/wp-content\/uploads\/IMG_2364.jpg\" alt=\"Druga zakonska skupina\" width=\"300\" height=\"210\" \/><\/a><\/p>\n<p style=\"text-align: center;\">Fotografija: Na\u0161a zakonska skupina z voditeljskim parom in \u017eupnikom Mirom<\/p>\n","protected":false},"excerpt":{"rendered":"<p>Druga zakonska skupina V mesecu oktobru leta 2010 je po odhodu \u017eupnika gospoda Jureta Ferle\u017ea in do prihoda na\u0161ega sedanjega \u017eupnika gospoda Mira Berglja v januarju 2011 v \u017eupniji deloval in opravljal najnujnej\u0161e zadeve gospod Tone Marinko. Z gospodom Tonetom smo se nekateri poznali \u0161e izpred trideset let, ko smo se sre\u010devali v okviru dnevov &hellip; <\/p>\n<p class=\"read-more\"><a class=\"btn btn-default\" href=\"https:\/\/zupnija-radece.rkc.si\/?page_id=54\"> Read More<span class=\"screen-reader-text\">  Read More<\/span><\/a><\/p>\n","protected":false},"author":1,"featured_media":0,"parent":0,"menu_order":5,"comment_status":"closed","ping_status":"closed","template":"","meta":[],"_links":{"self":[{"href":"https:\/\/zupnija-radece.rkc.si\/index.php?rest_route=\/wp\/v2\/pages\/54"}],"collection":[{"href":"https:\/\/zupnija-radece.rkc.si\/index.php?rest_route=\/wp\/v2\/pages"}],"about":[{"href":"https:\/\/zupnija-radece.rkc.si\/index.php?rest_route=\/wp\/v2\/types\/page"}],"author":[{"embeddable":true,"href":"https:\/\/zupnija-radece.rkc.si\/index.php?rest_route=\/wp\/v2\/users\/1"}],"replies":[{"embeddable":true,"href":"https:\/\/zupnija-radece.rkc.si\/index.php?rest_route=%2Fwp%2Fv2%2Fcomments&post=54"}],"version-history":[{"count":3,"href":"https:\/\/zupnija-radece.rkc.si\/index.php?rest_route=\/wp\/v2\/pages\/54\/revisions"}],"predecessor-version":[{"id":649,"href":"https:\/\/zupnija-radece.rkc.si\/index.php?rest_route=\/wp\/v2\/pages\/54\/revisions\/649"}],"wp:attachment":[{"href":"https:\/\/zupnija-radece.rkc.si\/index.php?rest_route=%2Fwp%2Fv2%2Fmedia&parent=54"}],"curies":[{"name":"wp","href":"https:\/\/api.w.org\/{rel}","templated":true}]}}